{"id":51,"date":"2018-11-17T14:30:41","date_gmt":"2018-11-17T13:30:41","guid":{"rendered":"http:\/\/libre-cueillette.net\/?page_id=51"},"modified":"2021-01-29T15:53:50","modified_gmt":"2021-01-29T14:53:50","slug":"soutien-et-parrainage","status":"publish","type":"page","link":"https:\/\/libre-cueillette.net\/index.php\/soutien-et-parrainage\/","title":{"rendered":"Partenaires"},"content":{"rendered":"<figure id=\"attachment_5620\" aria-describedby=\"caption-attachment-5620\" style=\"width: 300px\" class=\"wp-caption alignleft\"><a href=\"https:\/\/libre-cueillette.net\/wp-content\/uploads\/a20200728_123341.jpg\"><img loading=\"lazy\" decoding=\"async\" class=\"wp-image-5620 size-medium\" src=\"https:\/\/libre-cueillette.net\/wp-content\/uploads\/a20200728_123341-300x169.jpg\" alt=\"\" width=\"300\" height=\"169\" srcset=\"https:\/\/libre-cueillette.net\/wp-content\/uploads\/a20200728_123341-300x169.jpg 300w, https:\/\/libre-cueillette.net\/wp-content\/uploads\/a20200728_123341-768x432.jpg 768w, https:\/\/libre-cueillette.net\/wp-content\/uploads\/a20200728_123341.jpg 889w\" sizes=\"auto, (max-width: 300px) 100vw, 300px\" \/><\/a><figcaption id=\"caption-attachment-5620\" class=\"wp-caption-text\">Pr\u00e9paration d&rsquo;assiettes rigolotes avec les enfants des Hauts de Sainte-Croix \u00e0 Bayonne<\/figcaption><\/figure>\n<p>Durant l&rsquo;ann\u00e9e 2020, mettant \u00e0 profit la baisse d&rsquo;activit\u00e9 due au contexte sanitaire du Covid 19 et des deux confinements, Libre Cueillette s&rsquo;est associ\u00e9e aux \u00e9changes d&rsquo;id\u00e9es et r\u00e9unions qui ont \u00e9t\u00e9 organis\u00e9s entre les associations et individus ayant une activit\u00e9 ou une sensibilit\u00e9 similaires. Il en a r\u00e9sult\u00e9 la cr\u00e9ation du collectif pour l&rsquo;autonomie alimentaire Pays basque et des actions conjointes ont \u00e9t\u00e9 entreprises, notamment avec <a href=\"http:\/\/www.grainesdeliberte.com\/\" target=\"_blank\" rel=\"noopener noreferrer\"><strong>Graines de libert\u00e9<\/strong><\/a> de Bayonne (Animations aux Hauts de Sainte-Croix et r\u00e9flexion sur le PAT Pays basque), ainsi qu&rsquo;avec les <a href=\"https:\/\/lesgeniesverts.fr\/\" target=\"_blank\" rel=\"noopener noreferrer\"><strong>G\u00e9nies verts<\/strong><\/a> (sur leur jardin partag\u00e9 Xixtaberri de Cambo). Dans ce m\u00eame esprit, d&rsquo;autres collaborations avaient d\u00e9j\u00e0 \u00e9t\u00e9 amorc\u00e9es les autres ann\u00e9es avec Lili des <a href=\"https:\/\/www.facebook.com\/lesmerespoules\/\" target=\"_blank\" rel=\"noopener noreferrer\"><strong>M\u00e8res Poules<\/strong><\/a> (V\u00e9g\u00e9talisation de la rue Sainte Catherine \u00e0 Bayonne).<\/p>\n<p>Depuis fin 2019, un nouveau partenaire initie une collaboration avec Libre Cueillette (aires de biodiversit\u00e9) : <a href=\"https:\/\/www.facebook.com\/BioDiversCite\" target=\"_blank\" rel=\"noopener noreferrer\"><strong>Bio Divers Cit\u00e9<\/strong><\/a><\/p>\n<figure id=\"attachment_2558\" aria-describedby=\"caption-attachment-2558\" style=\"width: 300px\" class=\"wp-caption alignright\"><a href=\"https:\/\/libre-cueillette.net\/wp-content\/uploads\/1504681637.jpg\"><img loading=\"lazy\" decoding=\"async\" class=\"wp-image-2558 size-medium\" src=\"https:\/\/libre-cueillette.net\/wp-content\/uploads\/1504681637-300x191.jpg\" alt=\"\" width=\"300\" height=\"191\" srcset=\"https:\/\/libre-cueillette.net\/wp-content\/uploads\/1504681637-300x191.jpg 300w, https:\/\/libre-cueillette.net\/wp-content\/uploads\/1504681637.jpg 466w\" sizes=\"auto, (max-width: 300px) 100vw, 300px\" \/><\/a><figcaption id=\"caption-attachment-2558\" class=\"wp-caption-text\">Hazitik Lilia, fournisseur de plants bio<\/figcaption><\/figure>\n<p><strong>Le <\/strong><a href=\"http:\/\/le-col.com\/\" target=\"_blank\" rel=\"noopener noreferrer\"><strong>COL<\/strong><\/a> (Comit\u00e9 Ouvrier du Logement)<\/p>\n<p><strong>L&rsquo;<\/strong><a href=\"https:\/\/www.office64.fr\/\" target=\"_blank\" rel=\"noopener noreferrer\"><strong>Office 64 de l&rsquo;Habitat<\/strong><\/a><\/p>\n<p><strong>Le <\/strong><a href=\"https:\/\/www.anglet.fr\/services\/jeunesse-vie-etudiante\/\" target=\"_blank\" rel=\"noopener noreferrer\"><strong>service jeunesse<\/strong><\/a> de la mairie d&rsquo;Anglet<\/p>\n<p><a href=\"https:\/\/www.hazitiklilia.eus\/www-hazitiklilia-eus\/\" target=\"_blank\" rel=\"noopener noreferrer\"><strong>Hazitik Lilia<\/strong><\/a> plants bio<\/p>\n<p><strong>Le <\/strong><a href=\"http:\/\/www.lycee-cantau.net\/\" target=\"_blank\" rel=\"noopener noreferrer\"><strong>lyc\u00e9e Cantau<\/strong><\/a><\/p>\n<p><img loading=\"lazy\" decoding=\"async\" class=\"size-full wp-image-278 alignleft\" src=\"https:\/\/libre-cueillette.net\/wp-content\/uploads\/signD671A8@22BB80_3.png\" alt=\"signD671A8@22BB80_3\" width=\"288\" height=\"140\" \/>Le\u00a0<strong>centre <\/strong><strong>\u00e9questre <a href=\"http:\/\/www.nivheberge64.com\/\" target=\"_blank\" rel=\"noopener noreferrer\">Niv&rsquo;au galop<\/a><\/strong> de Bassussarry nous offre du fumier de cheval pour bien faire d\u00e9marrer les plantations de l&rsquo;association Libre Cueillette. Gr\u00e2ce \u00e0 leur g\u00e9n\u00e9rosit\u00e9, le couple C\u00e9cile et Armand Halty initie un partenariat plein de promesses.<\/p>\n<p><strong><a href=\"http:\/\/perso.numericable.fr\/jconstant\/so\/so_bassu_2005\/bassu261205nivaugalop.htm\" target=\"_blank\" rel=\"noopener noreferrer\">Article Sud-O<\/a><\/strong><strong><a href=\"http:\/\/perso.numericable.fr\/jconstant\/so\/so_bassu_2005\/bassu261205nivaugalop.htm\" target=\"_blank\" rel=\"noopener noreferrer\">uest<\/a><\/strong> : Histoire de Niv&rsquo;au galop<\/p>\n<p><span style=\"color: #000000;\"><strong>P\u00e9pini\u00e8res Maymou<\/strong> Bayonne : C&rsquo;est un lieu <strong><a style=\"color: #000000;\" href=\"http:\/\/www.pepinieres-maymou.com\/un-peu-dhistoire\/\" target=\"_blank\" rel=\"noopener noreferrer\">historique<\/a><\/strong> qui est devenu un <strong><a style=\"color: #000000;\" href=\"http:\/\/www.pepinieres-maymou.com\/un-site-classe\/\" target=\"_blank\" rel=\"noopener noreferrer\">site class\u00e9<\/a><\/strong> prot\u00e9g\u00e9. Les p\u00e9pini\u00e8res Maymou proposent, parmi bien d&rsquo;autres plantes, une gamme d&rsquo;arbres fruitiers cultiv\u00e9s au pays (cliquer <a style=\"color: #000000;\" href=\"http:\/\/www.pepinieres-maymou.com\/portfolio\/arbres-fruitiers\/\" target=\"_blank\" rel=\"noopener noreferrer\">ici<\/a> pour consulter la liste).<\/span><\/p>\n<p style=\"text-align: justify;\"><span style=\"color: #000000;\">Propri\u00e9t\u00e9 du Conservatoire du Littoral, le <strong><a style=\"color: #000000;\" href=\"https:\/\/www.conservatoirevegetal.com\/abbadia.php\" target=\"_blank\" rel=\"noopener noreferrer\">Domaine d&rsquo;Abbadia<\/a><\/strong> abrite depuis 1989 les collections fruiti\u00e8res de Pyr\u00e9n\u00e9es Atlantiques. Le verger se visite dans le cadre des promenades comment\u00e9es de d\u00e9couverte du domaine. Au mois de mars, stage de greffage et de taille. De mi-novembre \u00e0 mi-d\u00e9cembre <span class=\"input\">(dates et informations sur demande), e<\/span>xposition &#8211; d\u00e9gustation &#8211; vente \u00ab\u00a0Pommes d&rsquo;hier, patrimoine pour demain\u00a0\u00bb. Durant tout l&rsquo;hiver, vente de plants d&rsquo;arbres fruitiers de vari\u00e9t\u00e9s anciennes: une centaine de vari\u00e9t\u00e9s de pommiers, une cinquantaine de vari\u00e9t\u00e9s de cerisiers, mais aussi pruniers, n\u00e9fliers. Gr\u00e2ce au concours du CPIE Littoral basque, les pommes r\u00e9colt\u00e9es \u00e0 Abbadia permettent aussi l\u2019\u00e9laboration du Sagarno (cidre basque traditionnel) et de jus de pommes commercialis\u00e9s sur place sous l\u2019\u00e9tiquette \u00ab\u00a0Bizkiak\u00a0\u00bb.<\/span><\/p>\n<p><span style=\"color: #000000;\"><strong>L&rsquo;eau vive<\/strong>, magasin bio de Bidart, offre des l\u00e9gumes \u00e0 planter, un emplacement pour mettre des bacs Libre Cueillette, un lien Libre Cueillette sur le site du magasin. D&rsquo;autres actions seront envisag\u00e9es au fur et \u00e0 mesure.<\/span><\/p>\n<ul>\n<li><\/li>\n<\/ul>\n","protected":false},"excerpt":{"rendered":"<p>Durant l&rsquo;ann\u00e9e 2020, mettant \u00e0 profit la baisse d&rsquo;activit\u00e9 due au contexte sanitaire du Covid 19 et des deux confinements, Libre Cueillette s&rsquo;est associ\u00e9e aux \u00e9changes d&rsquo;id\u00e9es et r\u00e9unions qui ont \u00e9t\u00e9 organis\u00e9s entre les associations et individus ayant une<\/p>\n","protected":false},"author":1,"featured_media":0,"parent":0,"menu_order":0,"comment_status":"closed","ping_status":"closed","template":"","meta":{"footnotes":""},"class_list":["post-51","page","type-page","status-publish","hentry"],"_links":{"self":[{"href":"https:\/\/libre-cueillette.net\/index.php\/wp-json\/wp\/v2\/pages\/51","targetHints":{"allow":["GET"]}}],"collection":[{"href":"https:\/\/libre-cueillette.net\/index.php\/wp-json\/wp\/v2\/pages"}],"about":[{"href":"https:\/\/libre-cueillette.net\/index.php\/wp-json\/wp\/v2\/types\/page"}],"author":[{"embeddable":true,"href":"https:\/\/libre-cueillette.net\/index.php\/wp-json\/wp\/v2\/users\/1"}],"replies":[{"embeddable":true,"href":"https:\/\/libre-cueillette.net\/index.php\/wp-json\/wp\/v2\/comments?post=51"}],"version-history":[{"count":25,"href":"https:\/\/libre-cueillette.net\/index.php\/wp-json\/wp\/v2\/pages\/51\/revisions"}],"predecessor-version":[{"id":6812,"href":"https:\/\/libre-cueillette.net\/index.php\/wp-json\/wp\/v2\/pages\/51\/revisions\/6812"}],"wp:attachment":[{"href":"https:\/\/libre-cueillette.net\/index.php\/wp-json\/wp\/v2\/media?parent=51"}],"curies":[{"name":"wp","href":"https:\/\/api.w.org\/{rel}","templated":true}]}}